{"id":3,"date":"2024-01-28T16:23:36","date_gmt":"2024-01-28T16:23:36","guid":{"rendered":"https:\/\/archstudioericeira.com\/?page_id=3"},"modified":"2025-08-26T21:14:35","modified_gmt":"2025-08-26T21:14:35","slug":"politica-privacidade","status":"publish","type":"page","link":"https:\/\/lighthouseericeira.com\/en\/politica-privacidade\/","title":{"rendered":"Privacy Policy"},"content":{"rendered":"<div data-elementor-type=\"wp-page\" data-elementor-id=\"3\" class=\"elementor elementor-3\" data-elementor-post-type=\"page\">\n\t\t\t\t\t\t<section class=\"elementor-section elementor-top-section elementor-element elementor-element-5ada5899 elementor-section-boxed elementor-section-height-default elementor-section-height-default\" data-id=\"5ada5899\" data-element_type=\"section\">\n\t\t\t\t\t\t<div class=\"elementor-container elementor-column-gap-default\">\n\t\t\t\t\t<div class=\"elementor-column elementor-col-100 elementor-top-column elementor-element elementor-element-7234aa80\" data-id=\"7234aa80\" data-element_type=\"column\">\n\t\t\t<div class=\"elementor-widget-wrap elementor-element-populated\">\n\t\t\t\t\t\t<div class=\"elementor-element elementor-element-1839de6e elementor-widget elementor-widget-heading\" data-id=\"1839de6e\" data-element_type=\"widget\" data-widget_type=\"heading.default\">\n\t\t\t\t<div class=\"elementor-widget-container\">\n\t\t\t\t\t<h2 class=\"elementor-heading-title elementor-size-default\">Privacy Policy<\/h2>\t\t\t\t<\/div>\n\t\t\t\t<\/div>\n\t\t\t\t<div class=\"elementor-element elementor-element-5bdb87e1 elementor-widget elementor-widget-text-editor\" data-id=\"5bdb87e1\" data-element_type=\"widget\" data-widget_type=\"text-editor.default\">\n\t\t\t\t<div class=\"elementor-widget-container\">\n\t\t\t\t\t\t\t\t\t<p><span style=\"font-weight: 400;\">Your privacy is important to us. It is lighthouseericeira.com's policy to respect your privacy regarding any information we may collect from you across our website, and other sites we own and operate.<\/span><\/p><p><span style=\"font-weight: 400;\">We only ask for personal information when we really need it to provide you with a service. We do this by fair and lawful means, with your knowledge and consent. We also tell you why we are collecting it and how it will be used.<\/span><\/p><p><span style=\"font-weight: 400;\">We only retain the information we collect for as long as is necessary to provide the service you have requested. When we store data, we protect it within commercially acceptable means to prevent loss and theft, as well as unauthorised access, disclosure, copying, use or modification.<\/span><\/p><p><span style=\"font-weight: 400;\">We do not share personally identifiable information publicly or with third parties, except where required by law.<\/span><\/p><p><span style=\"font-weight: 400;\">Our site may have links to external sites that are not operated by us. Please be aware that we have no control over the content and practices of these sites and cannot accept responsibility for their respective privacy policies.<\/span><\/p><p><span style=\"font-weight: 400;\">You are free to decline our request for personal information on the understanding that we may not be able to provide some of the services you require.<\/span><\/p><p><span style=\"font-weight: 400;\">Your continued use of our website will be deemed acceptance of our practices around privacy and personal information. If you have any questions about how we handle user data and personal information, please contact us.<\/span><\/p>\t\t\t\t\t\t\t\t<\/div>\n\t\t\t\t<\/div>\n\t\t\t\t<div class=\"elementor-element elementor-element-36c8bc1 elementor-widget elementor-widget-heading\" data-id=\"36c8bc1\" data-element_type=\"widget\" data-widget_type=\"heading.default\">\n\t\t\t\t<div class=\"elementor-widget-container\">\n\t\t\t\t\t<h2 class=\"elementor-heading-title elementor-size-default\">Cookie Policy<\/h2>\t\t\t\t<\/div>\n\t\t\t\t<\/div>\n\t\t\t\t<div class=\"elementor-element elementor-element-6d073dc6 elementor-widget elementor-widget-heading\" data-id=\"6d073dc6\" data-element_type=\"widget\" data-widget_type=\"heading.default\">\n\t\t\t\t<div class=\"elementor-widget-container\">\n\t\t\t\t\t<h4 class=\"elementor-heading-title elementor-size-default\">What are cookies?<\/h4>\t\t\t\t<\/div>\n\t\t\t\t<\/div>\n\t\t\t\t<div class=\"elementor-element elementor-element-4c3f2e0d elementor-widget elementor-widget-text-editor\" data-id=\"4c3f2e0d\" data-element_type=\"widget\" data-widget_type=\"text-editor.default\">\n\t\t\t\t<div class=\"elementor-widget-container\">\n\t\t\t\t\t\t\t\t\t<p>As is common practice on almost all professional websites, this site uses cookies, which are small files downloaded to your computer, to improve your experience. This page describes what information is collected, how we use it and why we sometimes need to store these cookies. We will also share how you can prevent these cookies from being stored, however, this may downgrade or \"break\" certain elements of the site's functionality.<\/p>\t\t\t\t\t\t\t\t<\/div>\n\t\t\t\t<\/div>\n\t\t\t\t<div class=\"elementor-element elementor-element-1524a271 elementor-widget elementor-widget-heading\" data-id=\"1524a271\" data-element_type=\"widget\" data-widget_type=\"heading.default\">\n\t\t\t\t<div class=\"elementor-widget-container\">\n\t\t\t\t\t<h4 class=\"elementor-heading-title elementor-size-default\">How do we use cookies?<\/h4>\t\t\t\t<\/div>\n\t\t\t\t<\/div>\n\t\t\t\t<div class=\"elementor-element elementor-element-5cc48f35 elementor-widget elementor-widget-text-editor\" data-id=\"5cc48f35\" data-element_type=\"widget\" data-widget_type=\"text-editor.default\">\n\t\t\t\t<div class=\"elementor-widget-container\">\n\t\t\t\t\t\t\t\t\t<p>We use cookies for various reasons, detailed below. Unfortunately, in most cases, there are no industry-standard options for disabling cookies without completely disabling the functionality and features they add to this website. It is recommended that you leave all cookies if you are unsure whether or not you need them if they are used to provide a service that you use.<\/p>\t\t\t\t\t\t\t\t<\/div>\n\t\t\t\t<\/div>\n\t\t\t\t<div class=\"elementor-element elementor-element-2f432b97 elementor-widget elementor-widget-heading\" data-id=\"2f432b97\" data-element_type=\"widget\" data-widget_type=\"heading.default\">\n\t\t\t\t<div class=\"elementor-widget-container\">\n\t\t\t\t\t<h4 class=\"elementor-heading-title elementor-size-default\">Disabling cookies<\/h4>\t\t\t\t<\/div>\n\t\t\t\t<\/div>\n\t\t\t\t<div class=\"elementor-element elementor-element-2c59cec0 elementor-widget elementor-widget-text-editor\" data-id=\"2c59cec0\" data-element_type=\"widget\" data-widget_type=\"text-editor.default\">\n\t\t\t\t<div class=\"elementor-widget-container\">\n\t\t\t\t\t\t\t\t\t<p>You can prevent the setting of cookies by adjusting your browser settings (see your browser's help for how to do this). Please be aware that disabling cookies will affect the functionality of this and many other websites you visit. Disabling cookies will generally result in the deactivation of certain functionalities and features of this website. It is therefore recommended that you do not deactivate cookies.<\/p>\t\t\t\t\t\t\t\t<\/div>\n\t\t\t\t<\/div>\n\t\t\t\t<div class=\"elementor-element elementor-element-7470ec4f elementor-widget elementor-widget-heading\" data-id=\"7470ec4f\" data-element_type=\"widget\" data-widget_type=\"heading.default\">\n\t\t\t\t<div class=\"elementor-widget-container\">\n\t\t\t\t\t<h4 class=\"elementor-heading-title elementor-size-default\">Cookies we set<\/h4>\t\t\t\t<\/div>\n\t\t\t\t<\/div>\n\t\t\t\t<div class=\"elementor-element elementor-element-356c3f12 elementor-widget elementor-widget-text-editor\" data-id=\"356c3f12\" data-element_type=\"widget\" data-widget_type=\"text-editor.default\">\n\t\t\t\t<div class=\"elementor-widget-container\">\n\t\t\t\t\t\t\t\t\t<ul><li>Account-related cookies<p><span style=\"font-weight: 400;\">If you create an account with us, we use cookies for the management of the enrolment process and general administration. These cookies are usually deleted when you log out, but in some cases they may remain afterwards to remember your website preferences when you log out.<\/span><\/p><\/li><li>Login-related cookies<p>We use cookies when you are logged in so that we can remember this action. This prevents you from having to log in every time you visit a new page. These cookies are usually removed or cleared when you log out to ensure that you can only access restricted features and areas when you log in.<\/p><\/li><li>Cookies related to e-mail newsletters<p><span style=\"font-weight: 400;\">This website offers newsletter or e-mail subscription services and cookies may be used to remember whether you are already registered and whether to show certain notifications valid only for subscribed or unsubscribed users.<\/span><\/p><\/li><li>Requests processing related cookies<p>This site offers e-commerce or payment facilities and some cookies are essential to ensure that your order is remembered between pages so that we can process it properly.<\/p><\/li><li>Cookies related to surveys<p>We periodically offer surveys and questionnaires to provide interesting information, useful tools or to understand our user base more accurately. These surveys may use cookies to remember who has already taken part in a survey or to provide accurate results after changing pages.<\/p><\/li><li>Form-related cookies<p>When you submit data via a form such as those found on contact pages or comment forms, cookies can be set to remember user details for future correspondence.<\/p><\/li><li>Site preference cookies<p>To provide you with a great experience on this site, we provide the functionality to set your preferences for how this site runs when you use it. To remember your preferences, we need to set cookies so that this information can be called up whenever interacting with a page is affected by your preferences.<\/p><\/li><\/ul>\t\t\t\t\t\t\t\t<\/div>\n\t\t\t\t<\/div>\n\t\t\t\t<div class=\"elementor-element elementor-element-46802864 elementor-widget elementor-widget-heading\" data-id=\"46802864\" data-element_type=\"widget\" data-widget_type=\"heading.default\">\n\t\t\t\t<div class=\"elementor-widget-container\">\n\t\t\t\t\t<h4 class=\"elementor-heading-title elementor-size-default\">Third-party cookies<\/h4>\t\t\t\t<\/div>\n\t\t\t\t<\/div>\n\t\t\t\t<div class=\"elementor-element elementor-element-1a083bd9 elementor-widget elementor-widget-text-editor\" data-id=\"1a083bd9\" data-element_type=\"widget\" data-widget_type=\"text-editor.default\">\n\t\t\t\t<div class=\"elementor-widget-container\">\n\t\t\t\t\t\t\t\t\t<p>In some special cases, we also use cookies provided by trusted third parties. The following section details which third-party cookies you may encounter through this website.<\/p><ul><li>This website uses Google Analytics, which is one of the most widespread and reliable analysis solutions on the web, to help us understand how you use the website and how we can improve your experience. These cookies can track things like how long you spend on the site and the pages you visit, so that we can continue to produce engaging content.<\/li><\/ul><p><span style=\"font-weight: 400;\">For more information on Google Analytics cookies, see the official Google Analytics page.<\/span><\/p><ul><li>Third-party analyses are used to track and measure the use of this website so that we can continue to produce attractive content. These cookies can track items such as the time you spend on the site or the pages you visit, which helps us understand how we can improve the site.<\/li><li>We periodically test new features and make subtle changes to the way the site looks. When we are still testing new features, these cookies may be used to ensure that you receive a consistent experience while on the site, while we understand which optimisations our users appreciate the most.<\/li><li><span style=\"font-weight: 400;\">As we sell products, it's important for us to understand the statistics on how many visitors to our site actually buy, and so this is the kind of data that these cookies have tracked. This is important as it means we can make accurate business forecasts that allow us to analyse our advertising costs and products to ensure the best possible price.<\/span><\/li><\/ul>\t\t\t\t\t\t\t\t<\/div>\n\t\t\t\t<\/div>\n\t\t\t\t<div class=\"elementor-element elementor-element-3e6ea8cc elementor-widget elementor-widget-heading\" data-id=\"3e6ea8cc\" data-element_type=\"widget\" data-widget_type=\"heading.default\">\n\t\t\t\t<div class=\"elementor-widget-container\">\n\t\t\t\t\t<h4 class=\"elementor-heading-title elementor-size-default\">User Commitment<\/h4>\t\t\t\t<\/div>\n\t\t\t\t<\/div>\n\t\t\t\t<div class=\"elementor-element elementor-element-4eabbead elementor-widget elementor-widget-text-editor\" data-id=\"4eabbead\" data-element_type=\"widget\" data-widget_type=\"text-editor.default\">\n\t\t\t\t<div class=\"elementor-widget-container\">\n\t\t\t\t\t\t\t\t\t<p>The user undertakes to make appropriate use of the content and information offered by <span style=\"font-weight: 400;\">lighthouseericeira.com<\/span>\u00a0on the website, including but not limited to:<\/p><p>A) Not to engage in activities that are illegal or contrary to good faith or public order;<br \/>B) Not to disseminate propaganda or content of a racist, xenophobic nature, games of chance or gambling, any type of illegal pornography, apology for terrorism or against human rights;<br \/>C) Not cause damage to the physical (hardware) and logical (software) systems of <span style=\"font-weight: 400;\">lighthouseericeira.com<\/span>, its suppliers or third parties, to introduce or disseminate computer viruses or any other hardware or software systems that are capable of causing the aforementioned damage.<\/p>\t\t\t\t\t\t\t\t<\/div>\n\t\t\t\t<\/div>\n\t\t\t\t<div class=\"elementor-element elementor-element-336fd700 elementor-widget elementor-widget-heading\" data-id=\"336fd700\" data-element_type=\"widget\" data-widget_type=\"heading.default\">\n\t\t\t\t<div class=\"elementor-widget-container\">\n\t\t\t\t\t<h4 class=\"elementor-heading-title elementor-size-default\">Further information<\/h4>\t\t\t\t<\/div>\n\t\t\t\t<\/div>\n\t\t\t\t<div class=\"elementor-element elementor-element-2ea804b9 elementor-widget elementor-widget-text-editor\" data-id=\"2ea804b9\" data-element_type=\"widget\" data-widget_type=\"text-editor.default\">\n\t\t\t\t<div class=\"elementor-widget-container\">\n\t\t\t\t\t\t\t\t\t<p>We hope you are clear and, as mentioned above, if there is something you are not sure whether you need or not, it is generally safer to leave cookies enabled if you interact with one of the features you use on our website.<\/p>\t\t\t\t\t\t\t\t<\/div>\n\t\t\t\t<\/div>\n\t\t\t\t\t<\/div>\n\t\t<\/div>\n\t\t\t\t\t<\/div>\n\t\t<\/section>\n\t\t\t\t<\/div>","protected":false},"excerpt":{"rendered":"<p>Pol\u00edtica Privacidade A sua privacidade \u00e9 importante para n\u00f3s. \u00c9 pol\u00edtica do site lighthouseericeira.com respeitar a sua privacidade em rela\u00e7\u00e3o a qualquer informa\u00e7\u00e3o que possamos coletar no nosso site, e outros sites que possu\u00edmos e operamos. Solicitamos informa\u00e7\u00f5es pessoais apenas quando realmente precisamos delas para lhe fornecer um servi\u00e7o. Fazemo-lo por meios justos e legais, [&hellip;]<\/p>","protected":false},"author":1,"featured_media":0,"parent":0,"menu_order":0,"comment_status":"closed","ping_status":"closed","template":"elementor_header_footer","meta":{"site-sidebar-layout":"default","site-content-layout":"","ast-site-content-layout":"full-width-container","site-content-style":"default","site-sidebar-style":"default","ast-global-header-display":"","ast-banner-title-visibility":"","ast-main-header-display":"","ast-hfb-above-header-display":"","ast-hfb-below-header-display":"","ast-hfb-mobile-header-display":"","site-post-title":"disabled","ast-breadcrumbs-content":"","ast-featured-img":"","footer-sml-layout":"","theme-transparent-header-meta":"","adv-header-id-meta":"","stick-header-meta":"enabled","header-above-stick-meta":"disabled","header-main-stick-meta":"","header-below-stick-meta":"","astra-migrate-meta-layouts":"set","ast-page-background-enabled":"default","ast-page-background-meta":{"desktop":{"background-color":"","background-image":"","background-repeat":"repeat","background-position":"center center","background-size":"auto","background-attachment":"scroll","background-type":"","background-media":"","overlay-type":"","overlay-color":"","overlay-opacity":"","overlay-gradient":""},"tablet":{"background-color":"","background-image":"","background-repeat":"repeat","background-position":"center center","background-size":"auto","background-attachment":"scroll","background-type":"","background-media":"","overlay-type":"","overlay-color":"","overlay-opacity":"","overlay-gradient":""},"mobile":{"background-color":"","background-image":"","background-repeat":"repeat","background-position":"center center","background-size":"auto","background-attachment":"scroll","background-type":"","background-media":"","overlay-type":"","overlay-color":"","overlay-opacity":"","overlay-gradient":""}},"ast-content-background-meta":{"desktop":{"background-color":"var(--ast-global-color-5)","background-image":"","background-repeat":"repeat","background-position":"center center","background-size":"auto","background-attachment":"scroll","background-type":"","background-media":"","overlay-type":"","overlay-color":"","overlay-opacity":"","overlay-gradient":""},"tablet":{"background-color":"var(--ast-global-color-5)","background-image":"","background-repeat":"repeat","background-position":"center center","background-size":"auto","background-attachment":"scroll","background-type":"","background-media":"","overlay-type":"","overlay-color":"","overlay-opacity":"","overlay-gradient":""},"mobile":{"background-color":"var(--ast-global-color-5)","background-image":"","background-repeat":"repeat","background-position":"center center","background-size":"auto","background-attachment":"scroll","background-type":"","background-media":"","overlay-type":"","overlay-color":"","overlay-opacity":"","overlay-gradient":""}},"footnotes":""},"class_list":["post-3","page","type-page","status-publish","hentry"],"yoast_head":"<!-- This site is optimized with the Yoast SEO plugin v26.4 - https:\/\/yoast.com\/wordpress\/plugins\/seo\/ -->\n<title>Pol\u00edtica de Privacidade - Lighthouse Ericeira<\/title>\n<meta name=\"robots\" content=\"index, follow, max-snippet:-1, max-image-preview:large, max-video-preview:-1\" \/>\n<link rel=\"canonical\" href=\"https:\/\/lighthouseericeira.com\/en\/politica-privacidade\/\" \/>\n<meta property=\"og:locale\" content=\"en_GB\" \/>\n<meta property=\"og:type\" content=\"article\" \/>\n<meta property=\"og:title\" content=\"Pol\u00edtica de Privacidade - Lighthouse Ericeira\" \/>\n<meta property=\"og:description\" content=\"Pol\u00edtica Privacidade A sua privacidade \u00e9 importante para n\u00f3s. \u00c9 pol\u00edtica do site lighthouseericeira.com respeitar a sua privacidade em rela\u00e7\u00e3o a qualquer informa\u00e7\u00e3o que possamos coletar no nosso site, e outros sites que possu\u00edmos e operamos. Solicitamos informa\u00e7\u00f5es pessoais apenas quando realmente precisamos delas para lhe fornecer um servi\u00e7o. Fazemo-lo por meios justos e legais, [&hellip;]\" \/>\n<meta property=\"og:url\" content=\"https:\/\/lighthouseericeira.com\/en\/politica-privacidade\/\" \/>\n<meta property=\"og:site_name\" content=\"Lighthouse Ericeira\" \/>\n<meta property=\"article:modified_time\" content=\"2025-08-26T21:14:35+00:00\" \/>\n<meta name=\"twitter:card\" content=\"summary_large_image\" \/>\n<meta name=\"twitter:label1\" content=\"Estimated reading time\" \/>\n\t<meta name=\"twitter:data1\" content=\"7 minutes\" \/>\n<script type=\"application\/ld+json\" class=\"yoast-schema-graph\">{\"@context\":\"https:\/\/schema.org\",\"@graph\":[{\"@type\":\"WebPage\",\"@id\":\"https:\/\/lighthouseericeira.com\/politica-privacidade\/\",\"url\":\"https:\/\/lighthouseericeira.com\/politica-privacidade\/\",\"name\":\"Pol\u00edtica de Privacidade - Lighthouse Ericeira\",\"isPartOf\":{\"@id\":\"https:\/\/lighthouseericeira.com\/#website\"},\"datePublished\":\"2024-01-28T16:23:36+00:00\",\"dateModified\":\"2025-08-26T21:14:35+00:00\",\"breadcrumb\":{\"@id\":\"https:\/\/lighthouseericeira.com\/politica-privacidade\/#breadcrumb\"},\"inLanguage\":\"en-GB\",\"potentialAction\":[{\"@type\":\"ReadAction\",\"target\":[\"https:\/\/lighthouseericeira.com\/politica-privacidade\/\"]}]},{\"@type\":\"BreadcrumbList\",\"@id\":\"https:\/\/lighthouseericeira.com\/politica-privacidade\/#breadcrumb\",\"itemListElement\":[{\"@type\":\"ListItem\",\"position\":1,\"name\":\"In\u00edcio\",\"item\":\"https:\/\/lighthouseericeira.com\/\"},{\"@type\":\"ListItem\",\"position\":2,\"name\":\"Pol\u00edtica de Privacidade\"}]},{\"@type\":\"WebSite\",\"@id\":\"https:\/\/lighthouseericeira.com\/#website\",\"url\":\"https:\/\/lighthouseericeira.com\/\",\"name\":\"Lighthouse Ericeira\",\"description\":\"Decora\u00e7\u00e3o e Reabilita\u00e7\u00e3o\",\"publisher\":{\"@id\":\"https:\/\/lighthouseericeira.com\/#organization\"},\"potentialAction\":[{\"@type\":\"SearchAction\",\"target\":{\"@type\":\"EntryPoint\",\"urlTemplate\":\"https:\/\/lighthouseericeira.com\/?s={search_term_string}\"},\"query-input\":{\"@type\":\"PropertyValueSpecification\",\"valueRequired\":true,\"valueName\":\"search_term_string\"}}],\"inLanguage\":\"en-GB\"},{\"@type\":\"Organization\",\"@id\":\"https:\/\/lighthouseericeira.com\/#organization\",\"name\":\"Lighthouse Ericeira\",\"url\":\"https:\/\/lighthouseericeira.com\/\",\"logo\":{\"@type\":\"ImageObject\",\"inLanguage\":\"en-GB\",\"@id\":\"https:\/\/lighthouseericeira.com\/#\/schema\/logo\/image\/\",\"url\":\"https:\/\/lighthouseericeira.com\/wp-content\/uploads\/2025\/09\/lighthouseericeira-final-b.png\",\"contentUrl\":\"https:\/\/lighthouseericeira.com\/wp-content\/uploads\/2025\/09\/lighthouseericeira-final-b.png\",\"width\":1245,\"height\":1062,\"caption\":\"Lighthouse Ericeira\"},\"image\":{\"@id\":\"https:\/\/lighthouseericeira.com\/#\/schema\/logo\/image\/\"},\"sameAs\":[\"https:\/\/www.instagram.com\/lighthouseericeira\/yoast\"]}]}<\/script>\n<!-- \/ Yoast SEO plugin. -->","yoast_head_json":{"title":"Pol\u00edtica de Privacidade - Lighthouse Ericeira","robots":{"index":"index","follow":"follow","max-snippet":"max-snippet:-1","max-image-preview":"max-image-preview:large","max-video-preview":"max-video-preview:-1"},"canonical":"https:\/\/lighthouseericeira.com\/en\/politica-privacidade\/","og_locale":"en_GB","og_type":"article","og_title":"Pol\u00edtica de Privacidade - Lighthouse Ericeira","og_description":"Pol\u00edtica Privacidade A sua privacidade \u00e9 importante para n\u00f3s. \u00c9 pol\u00edtica do site lighthouseericeira.com respeitar a sua privacidade em rela\u00e7\u00e3o a qualquer informa\u00e7\u00e3o que possamos coletar no nosso site, e outros sites que possu\u00edmos e operamos. Solicitamos informa\u00e7\u00f5es pessoais apenas quando realmente precisamos delas para lhe fornecer um servi\u00e7o. Fazemo-lo por meios justos e legais, [&hellip;]","og_url":"https:\/\/lighthouseericeira.com\/en\/politica-privacidade\/","og_site_name":"Lighthouse Ericeira","article_modified_time":"2025-08-26T21:14:35+00:00","twitter_card":"summary_large_image","twitter_misc":{"Estimated reading time":"7 minutes"},"schema":{"@context":"https:\/\/schema.org","@graph":[{"@type":"WebPage","@id":"https:\/\/lighthouseericeira.com\/politica-privacidade\/","url":"https:\/\/lighthouseericeira.com\/politica-privacidade\/","name":"Pol\u00edtica de Privacidade - Lighthouse Ericeira","isPartOf":{"@id":"https:\/\/lighthouseericeira.com\/#website"},"datePublished":"2024-01-28T16:23:36+00:00","dateModified":"2025-08-26T21:14:35+00:00","breadcrumb":{"@id":"https:\/\/lighthouseericeira.com\/politica-privacidade\/#breadcrumb"},"inLanguage":"en-GB","potentialAction":[{"@type":"ReadAction","target":["https:\/\/lighthouseericeira.com\/politica-privacidade\/"]}]},{"@type":"BreadcrumbList","@id":"https:\/\/lighthouseericeira.com\/politica-privacidade\/#breadcrumb","itemListElement":[{"@type":"ListItem","position":1,"name":"In\u00edcio","item":"https:\/\/lighthouseericeira.com\/"},{"@type":"ListItem","position":2,"name":"Pol\u00edtica de Privacidade"}]},{"@type":"WebSite","@id":"https:\/\/lighthouseericeira.com\/#website","url":"https:\/\/lighthouseericeira.com\/","name":"Lighthouse Ericeira","description":"Decora\u00e7\u00e3o e Reabilita\u00e7\u00e3o","publisher":{"@id":"https:\/\/lighthouseericeira.com\/#organization"},"potentialAction":[{"@type":"SearchAction","target":{"@type":"EntryPoint","urlTemplate":"https:\/\/lighthouseericeira.com\/?s={search_term_string}"},"query-input":{"@type":"PropertyValueSpecification","valueRequired":true,"valueName":"search_term_string"}}],"inLanguage":"en-GB"},{"@type":"Organization","@id":"https:\/\/lighthouseericeira.com\/#organization","name":"Lighthouse Ericeira","url":"https:\/\/lighthouseericeira.com\/","logo":{"@type":"ImageObject","inLanguage":"en-GB","@id":"https:\/\/lighthouseericeira.com\/#\/schema\/logo\/image\/","url":"https:\/\/lighthouseericeira.com\/wp-content\/uploads\/2025\/09\/lighthouseericeira-final-b.png","contentUrl":"https:\/\/lighthouseericeira.com\/wp-content\/uploads\/2025\/09\/lighthouseericeira-final-b.png","width":1245,"height":1062,"caption":"Lighthouse Ericeira"},"image":{"@id":"https:\/\/lighthouseericeira.com\/#\/schema\/logo\/image\/"},"sameAs":["https:\/\/www.instagram.com\/lighthouseericeira\/yoast"]}]}},"_links":{"self":[{"href":"https:\/\/lighthouseericeira.com\/en\/wp-json\/wp\/v2\/pages\/3","targetHints":{"allow":["GET"]}}],"collection":[{"href":"https:\/\/lighthouseericeira.com\/en\/wp-json\/wp\/v2\/pages"}],"about":[{"href":"https:\/\/lighthouseericeira.com\/en\/wp-json\/wp\/v2\/types\/page"}],"author":[{"embeddable":true,"href":"https:\/\/lighthouseericeira.com\/en\/wp-json\/wp\/v2\/users\/1"}],"replies":[{"embeddable":true,"href":"https:\/\/lighthouseericeira.com\/en\/wp-json\/wp\/v2\/comments?post=3"}],"version-history":[{"count":9,"href":"https:\/\/lighthouseericeira.com\/en\/wp-json\/wp\/v2\/pages\/3\/revisions"}],"predecessor-version":[{"id":2550,"href":"https:\/\/lighthouseericeira.com\/en\/wp-json\/wp\/v2\/pages\/3\/revisions\/2550"}],"wp:attachment":[{"href":"https:\/\/lighthouseericeira.com\/en\/wp-json\/wp\/v2\/media?parent=3"}],"curies":[{"name":"wp","href":"https:\/\/api.w.org\/{rel}","templated":true}]}}